{"id":6719,"date":"2024-11-08T09:46:46","date_gmt":"2024-11-08T14:46:46","guid":{"rendered":"https:\/\/www.belappart.ca\/?page_id=6719"},"modified":"2024-11-08T10:02:02","modified_gmt":"2024-11-08T15:02:02","slug":"gestion-de-syndicat-de-copropriete","status":"publish","type":"page","link":"https:\/\/www.belappart.ca\/fr\/gestion-de-syndicat-de-copropriete\/","title":{"rendered":"Gestion de Syndicat de Copropri\u00e9t\u00e9"},"content":{"rendered":"<div data-elementor-type=\"wp-page\" data-elementor-id=\"6719\" class=\"elementor elementor-6719\" data-elementor-post-type=\"page\">\n\t\t\t\t\t\t<section class=\"elementor-section elementor-top-section elementor-element elementor-element-6243cbb4c562f elementor-section-boxed elementor-section-height-default elementor-section-height-default\" data-id=\"6243cbb4c562f\" data-element_type=\"section\">\n\t\t\t\t\t\t<div class=\"elementor-container elementor-column-gap-default\">\n\t\t\t\t\t<div class=\"elementor-column elementor-col-50 elementor-top-column elementor-element elementor-element-f7911ad\" data-id=\"f7911ad\" data-element_type=\"column\">\n\t\t\t<div class=\"elementor-widget-wrap elementor-element-populated\">\n\t\t\t\t\t\t<div class=\"elementor-element elementor-element-315cb6b elementor-widget elementor-widget-ube-heading\" data-id=\"315cb6b\" data-element_type=\"widget\" data-widget_type=\"ube-heading.default\">\n\t\t\t\t<div class=\"elementor-widget-container\">\n\t\t\t<div class=\"ube-heading\">\n\t<h2 class=\"ube-heading-title\">Gestion de Syndicat de Copropri\u00e9t\u00e9<br>\n<\/h2><div class=\"ube-heading-description\"><p>Chez Bel Appart, nous offrons une gamme compl\u00e8te de services pour la gestion des syndicats de copropri\u00e9t\u00e9, adapt\u00e9s aux besoins sp\u00e9cifiques de chaque immeuble.<\/p><\/div><\/div>\t\t<\/div>\n\t\t\t\t<\/div>\n\t\t\t\t<div class=\"elementor-element elementor-element-c7fc914 elementor-widget elementor-widget-ube-heading\" data-id=\"c7fc914\" data-element_type=\"widget\" data-widget_type=\"ube-heading.default\">\n\t\t\t\t<div class=\"elementor-widget-container\">\n\t\t\t<div class=\"ube-heading\">\n\t<div class=\"ube-heading-description\"><p>Notre objectif est d'assurer une administration efficace, une maintenance rigoureuse et une communication transparente entre tous les copropri\u00e9taires.<\/p><h4>Nos services incluent :<\/h4><h6><strong>Gestion administrative :<\/strong><\/h6><ul><li>Organisation et tenue des assembl\u00e9es g\u00e9n\u00e9rales et des r\u00e9unions du conseil d'administration.<\/li><li>R\u00e9daction et diffusion des proc\u00e8s-verbaux.<\/li><li>Mise \u00e0 jour et conservation des registres officiels de la copropri\u00e9t\u00e9.<\/li><li>Application et suivi des r\u00e8glements de l'immeuble.<\/li><\/ul><h6><strong>Gestion financi\u00e8re :<\/strong><\/h6><ul><li>\u00c9laboration du budget annuel en collaboration avec le conseil d'administration.<\/li><li>Perception des contributions des copropri\u00e9taires et gestion des comptes en souffrance.<\/li><li>Paiement des fournisseurs et des services courants.<\/li><li>Pr\u00e9paration des \u00e9tats financiers et des d\u00e9clarations fiscales du syndicat.<\/li><\/ul><h6><strong>Gestion op\u00e9rationnelle :<\/strong><\/h6><ul><li>N\u00e9gociation et supervision des contrats d'entretien (nettoyage, d\u00e9neigement, entretien paysager, etc.).<\/li><li>Coordination des travaux de maintenance et des r\u00e9parations n\u00e9cessaires.<\/li><li>Gestion des sinistres et suivi des r\u00e9clamations d'assurance.<\/li><li>Service d'urgence disponible 24h\/24 et 7j\/7 pour les situations critiques.<\/li><\/ul><h6><strong>Communication et relations avec les copropri\u00e9taires :<\/strong><\/h6><ul><li>R\u00e9ponse aux demandes et questions des copropri\u00e9taires.<\/li><li>Diffusion r\u00e9guli\u00e8re d'informations pertinentes concernant la copropri\u00e9t\u00e9.<\/li><li>M\u00e9diation et r\u00e9solution des conflits entre copropri\u00e9taires.<\/li><\/ul><p><strong>En confiant la gestion de votre syndicat de copropri\u00e9t\u00e9 \u00e0 Bel Appart, vous b\u00e9n\u00e9ficiez d'une expertise professionnelle, d'une gestion transparente et d'un engagement constant pour le bien-\u00eatre de votre communaut\u00e9 r\u00e9sidentielle.<\/strong><\/p><\/div><\/div>\t\t<\/div>\n\t\t\t\t<\/div>\n\t\t\t\t\t<\/div>\n\t\t<\/div>\n\t\t\t\t<div class=\"elementor-column elementor-col-50 elementor-top-column elementor-element elementor-element-94a55a8\" data-id=\"94a55a8\" data-element_type=\"column\">\n\t\t\t<div class=\"elementor-widget-wrap elementor-element-populated\">\n\t\t\t\t\t\t<div class=\"elementor-element elementor-element-51b666b elementor-widget elementor-widget-image\" data-id=\"51b666b\" data-element_type=\"widget\" data-widget_type=\"image.default\">\n\t\t\t\t<div class=\"elementor-widget-container\">\n\t\t\t<style>\/*! elementor - v3.23.0 - 05-08-2024 *\/\n.elementor-widget-image{text-align:center}.elementor-widget-image a{display:inline-block}.elementor-widget-image a img[src$=\".svg\"]{width:48px}.elementor-widget-image img{vertical-align:middle;display:inline-block}<\/style>\t\t\t\t\t\t\t\t\t\t<img fetchpriority=\"high\" decoding=\"async\" width=\"1400\" height=\"930\" src=\"https:\/\/www.belappart.ca\/wp-content\/uploads\/2024\/11\/syndic.webp\" class=\"attachment-full size-full wp-image-6733\" alt=\"\" srcset=\"https:\/\/www.belappart.ca\/wp-content\/uploads\/2024\/11\/syndic.webp 1400w, https:\/\/www.belappart.ca\/wp-content\/uploads\/2024\/11\/syndic-300x199.webp 300w, https:\/\/www.belappart.ca\/wp-content\/uploads\/2024\/11\/syndic-1024x680.webp 1024w, https:\/\/www.belappart.ca\/wp-content\/uploads\/2024\/11\/syndic-768x510.webp 768w, https:\/\/www.belappart.ca\/wp-content\/uploads\/2024\/11\/syndic-18x12.webp 18w\" sizes=\"(max-width: 1400px) 100vw, 1400px\" \/>\t\t\t\t\t\t\t\t\t\t\t\t\t<\/div>\n\t\t\t\t<\/div>\n\t\t\t\t<div class=\"elementor-element elementor-element-0ae24ea elementor-widget elementor-widget-image\" data-id=\"0ae24ea\" data-element_type=\"widget\" data-widget_type=\"image.default\">\n\t\t\t\t<div class=\"elementor-widget-container\">\n\t\t\t\t\t\t\t\t\t\t\t\t\t<img decoding=\"async\" width=\"2560\" height=\"1582\" src=\"https:\/\/www.belappart.ca\/wp-content\/uploads\/2024\/11\/Syndic-copropriete.jpeg\" class=\"attachment-full size-full wp-image-6732\" alt=\"\" srcset=\"https:\/\/www.belappart.ca\/wp-content\/uploads\/2024\/11\/Syndic-copropriete.jpeg 2560w, https:\/\/www.belappart.ca\/wp-content\/uploads\/2024\/11\/Syndic-copropriete-300x185.jpeg 300w, https:\/\/www.belappart.ca\/wp-content\/uploads\/2024\/11\/Syndic-copropriete-1024x633.jpeg 1024w, https:\/\/www.belappart.ca\/wp-content\/uploads\/2024\/11\/Syndic-copropriete-768x475.jpeg 768w, https:\/\/www.belappart.ca\/wp-content\/uploads\/2024\/11\/Syndic-copropriete-1536x949.jpeg 1536w, https:\/\/www.belappart.ca\/wp-content\/uploads\/2024\/11\/Syndic-copropriete-2048x1266.jpeg 2048w, https:\/\/www.belappart.ca\/wp-content\/uploads\/2024\/11\/Syndic-copropriete-18x12.jpeg 18w\" sizes=\"(max-width: 2560px) 100vw, 2560px\" \/>\t\t\t\t\t\t\t\t\t\t\t\t\t<\/div>\n\t\t\t\t<\/div>\n\t\t\t\t\t<\/div>\n\t\t<\/div>\n\t\t\t\t\t<\/div>\n\t\t<\/section>\n\t\t\t\t<\/div>","protected":false},"excerpt":{"rendered":"<p>Gestion de Syndicat de Copropri\u00e9t\u00e9 Chez Bel Appart, nous offrons une gamme compl\u00e8te de services pour la gestion des syndicats de copropri\u00e9t\u00e9, adapt\u00e9s aux besoins sp\u00e9cifiques de chaque immeuble. Notre objectif est d&rsquo;assurer une administration efficace, une maintenance rigoureuse et une communication transparente entre tous les copropri\u00e9taires. Nos services incluent : Gestion administrative : Organisation [&hellip;]<\/p>","protected":false},"author":1,"featured_media":0,"parent":0,"menu_order":0,"comment_status":"closed","ping_status":"closed","template":"elementor_header_footer","meta":{"footnotes":""},"class_list":["post-6719","page","type-page","status-publish","hentry"],"_links":{"self":[{"href":"https:\/\/www.belappart.ca\/fr\/wp-json\/wp\/v2\/pages\/6719","targetHints":{"allow":["GET"]}}],"collection":[{"href":"https:\/\/www.belappart.ca\/fr\/wp-json\/wp\/v2\/pages"}],"about":[{"href":"https:\/\/www.belappart.ca\/fr\/wp-json\/wp\/v2\/types\/page"}],"author":[{"embeddable":true,"href":"https:\/\/www.belappart.ca\/fr\/wp-json\/wp\/v2\/users\/1"}],"replies":[{"embeddable":true,"href":"https:\/\/www.belappart.ca\/fr\/wp-json\/wp\/v2\/comments?post=6719"}],"version-history":[{"count":11,"href":"https:\/\/www.belappart.ca\/fr\/wp-json\/wp\/v2\/pages\/6719\/revisions"}],"predecessor-version":[{"id":6740,"href":"https:\/\/www.belappart.ca\/fr\/wp-json\/wp\/v2\/pages\/6719\/revisions\/6740"}],"wp:attachment":[{"href":"https:\/\/www.belappart.ca\/fr\/wp-json\/wp\/v2\/media?parent=6719"}],"curies":[{"name":"wp","href":"https:\/\/api.w.org\/{rel}","templated":true}]}}