{"id":6351,"date":"2024-09-04T14:26:45","date_gmt":"2024-09-04T18:26:45","guid":{"rendered":"https:\/\/pascalcaillens.com\/gestion\/?page_id=6351"},"modified":"2024-09-05T11:33:17","modified_gmt":"2024-09-05T15:33:17","slug":"demandes-de-reparation","status":"publish","type":"page","link":"https:\/\/www.belappart.ca\/fr\/demandes-de-reparation\/","title":{"rendered":"Demandes de r\u00e9paration"},"content":{"rendered":"<div data-elementor-type=\"wp-page\" data-elementor-id=\"6351\" class=\"elementor elementor-6351\" data-elementor-post-type=\"page\">\n\t\t\t\t\t\t<section class=\"elementor-section elementor-top-section elementor-element elementor-element-ee692f5 elementor-section-boxed elementor-section-height-default elementor-section-height-default\" data-id=\"ee692f5\" data-element_type=\"section\">\n\t\t\t\t\t\t<div class=\"elementor-container elementor-column-gap-default\">\n\t\t\t\t\t<div class=\"elementor-column elementor-col-100 elementor-top-column elementor-element elementor-element-8ca40fe\" data-id=\"8ca40fe\" data-element_type=\"column\">\n\t\t\t<div class=\"elementor-widget-wrap elementor-element-populated\">\n\t\t\t\t\t\t<div class=\"elementor-element elementor-element-b03af00 elementor-widget elementor-widget-wpforms\" data-id=\"b03af00\" data-element_type=\"widget\" data-widget_type=\"wpforms.default\">\n\t\t\t\t<div class=\"elementor-widget-container\">\n\t\t\t<style id=\"wpforms-css-vars-root\">\n\t\t\t\t:root {\n\t\t\t\t\t--wpforms-field-border-radius: 3px;\n--wpforms-field-background-color: #ffffff;\n--wpforms-field-border-color: rgba( 0, 0, 0, 0.25 );\n--wpforms-field-text-color: rgba( 0, 0, 0, 0.7 );\n--wpforms-label-color: rgba( 0, 0, 0, 0.85 );\n--wpforms-label-sublabel-color: rgba( 0, 0, 0, 0.55 );\n--wpforms-label-error-color: #d63637;\n--wpforms-button-border-radius: 3px;\n--wpforms-button-background-color: #066aab;\n--wpforms-button-text-color: #ffffff;\n--wpforms-field-size-input-height: 43px;\n--wpforms-field-size-input-spacing: 15px;\n--wpforms-field-size-font-size: 16px;\n--wpforms-field-size-line-height: 19px;\n--wpforms-field-size-padding-h: 14px;\n--wpforms-field-size-checkbox-size: 16px;\n--wpforms-field-size-sublabel-spacing: 5px;\n--wpforms-field-size-icon-size: 1;\n--wpforms-label-size-font-size: 16px;\n--wpforms-label-size-line-height: 19px;\n--wpforms-label-size-sublabel-font-size: 14px;\n--wpforms-label-size-sublabel-line-height: 17px;\n--wpforms-button-size-font-size: 17px;\n--wpforms-button-size-height: 41px;\n--wpforms-button-size-padding-h: 15px;\n--wpforms-button-size-margin-top: 10px;\n\n\t\t\t\t}\n\t\t\t<\/style><style id=\"wpforms-css-vars-elementor-widget-b03af00\">\n\t\t\t\t.elementor-widget-wpforms.elementor-element-b03af00 {\n\t\t\t\t\t--wpforms-field-size-input-height: 43px;\n--wpforms-field-size-input-spacing: 15px;\n--wpforms-field-size-font-size: 16px;\n--wpforms-field-size-line-height: 19px;\n--wpforms-field-size-padding-h: 14px;\n--wpforms-field-size-checkbox-size: 16px;\n--wpforms-field-size-sublabel-spacing: 5px;\n--wpforms-field-size-icon-size: 1;\n--wpforms-label-size-font-size: 16px;\n--wpforms-label-size-line-height: 19px;\n--wpforms-label-size-sublabel-font-size: 14px;\n--wpforms-label-size-sublabel-line-height: 17px;\n--wpforms-button-size-font-size: 17px;\n--wpforms-button-size-height: 41px;\n--wpforms-button-size-padding-h: 15px;\n--wpforms-button-size-margin-top: 10px;\n\n\t\t\t\t}\n\t\t\t<\/style><div class=\"wpforms-container wpforms-container-full wpforms-render-modern\" id=\"wpforms-6410\"><form id=\"wpforms-form-6410\" class=\"wpforms-validate wpforms-form wpforms-ajax-form\" data-formid=\"6410\" method=\"post\" enctype=\"multipart\/form-data\" action=\"\/fr\/wp-json\/wp\/v2\/pages\/6351?wpforms_form_id=6410\" data-token=\"210849f57272a2eebdac30acdb5497b5\" data-trp-original-action=\"\/fr\/wp-json\/wp\/v2\/pages\/6351?wpforms_form_id=6410\"><noscript class=\"wpforms-error-noscript\">Veuillez activer JavaScript dans votre navigateur pour remplir ce formulaire.<\/noscript><div class=\"wpforms-hidden\" id=\"wpforms-error-noscript\">Veuillez activer JavaScript dans votre navigateur pour remplir ce formulaire.<\/div><div class=\"wpforms-field-container\"><div id=\"wpforms-6410-field_15-container\" class=\"wpforms-field wpforms-field-content\" data-field-id=\"15\"><div id=\"wpforms-6410-field_15\" class=\"wpforms-field-medium wpforms-field-row\" name=\"wpforms[fields][15]\" aria-errormessage=\"wpforms-6410-field_15-error\"><p>Chez <strong>Bel Appart<\/strong>, nous nous engageons \u00e0 offrir un environnement s\u00e9curitaire et confortable \u00e0 tous nos locataires. Si vous rencontrez un probl\u00e8me ou avez besoin d'une r\u00e9paration dans votre logement, veuillez nous en informer d\u00e8s que possible afin que nous puissions intervenir rapidement.<\/p>\n<p>Pour faciliter votre demande, merci de remplir le formulaire ci-dessous en fournissant tous les d\u00e9tails n\u00e9cessaires.<\/p>\n<div class=\"wpforms-field-content-display-frontend-clear\"><\/div><\/div><\/div><div id=\"wpforms-6410-field_3-container\" class=\"wpforms-field wpforms-field-divider\" data-field-id=\"3\"><h3 id=\"wpforms-6410-field_3\" name=\"wpforms[fields][3]\" aria-errormessage=\"wpforms-6410-field_3-error\">Informations personnelles<\/h3><\/div><div id=\"wpforms-6410-field_4-container\" class=\"wpforms-field wpforms-field-text\" data-field-id=\"4\"><label class=\"wpforms-field-label\" for=\"wpforms-6410-field_4\">Pr\u00e9nom et nom de famille <span class=\"wpforms-required-label\" aria-hidden=\"true\">*<\/span><\/label><input type=\"text\" id=\"wpforms-6410-field_4\" class=\"wpforms-field-large wpforms-field-required\" name=\"wpforms[fields][4]\" aria-errormessage=\"wpforms-6410-field_4-error\" required><\/div><div id=\"wpforms-6410-field_5-container\" class=\"wpforms-field wpforms-field-text\" data-field-id=\"5\"><label class=\"wpforms-field-label\" for=\"wpforms-6410-field_5\">Adresse du logement <span class=\"wpforms-required-label\" aria-hidden=\"true\">*<\/span><\/label><input type=\"text\" id=\"wpforms-6410-field_5\" class=\"wpforms-field-large wpforms-field-required\" name=\"wpforms[fields][5]\" aria-errormessage=\"wpforms-6410-field_5-error\" required><\/div><div id=\"wpforms-6410-field_6-container\" class=\"wpforms-field wpforms-field-phone\" data-field-id=\"6\"><label class=\"wpforms-field-label\" for=\"wpforms-6410-field_6\">T\u00e9l\u00e9phone <span class=\"wpforms-required-label\" aria-hidden=\"true\">*<\/span><\/label><input type=\"tel\" id=\"wpforms-6410-field_6\" class=\"wpforms-field-large wpforms-field-required\" data-rule-int-phone-field=\"true\" name=\"wpforms[fields][6]\" aria-errormessage=\"wpforms-6410-field_6-error\" required><\/div><div id=\"wpforms-6410-field_1-container\" class=\"wpforms-field wpforms-field-email\" data-field-id=\"1\"><label class=\"wpforms-field-label\" for=\"wpforms-6410-field_1\">Email<\/label><input type=\"email\" id=\"wpforms-6410-field_1\" class=\"wpforms-field-large\" name=\"wpforms[fields][1]\" spellcheck=\"false\" aria-errormessage=\"wpforms-6410-field_1-error\" ><\/div><div id=\"wpforms-6410-field_7-container\" class=\"wpforms-field wpforms-field-divider\" data-field-id=\"7\"><h3 id=\"wpforms-6410-field_7\" name=\"wpforms[fields][7]\" aria-errormessage=\"wpforms-6410-field_7-error\">D\u00e9tails du probl\u00e8me<\/h3><\/div><div id=\"wpforms-6410-field_8-container\" class=\"wpforms-field wpforms-field-checkbox\" data-field-id=\"8\"><fieldset><legend class=\"wpforms-field-label\">Type de probl\u00e8me  <span class=\"wpforms-required-label\" aria-hidden=\"true\">*<\/span><\/legend><ul id=\"wpforms-6410-field_8\" class=\"wpforms-field-required\"><li class=\"choice-1 depth-1\"><input type=\"checkbox\" id=\"wpforms-6410-field_8_1\" name=\"wpforms[fields][8][]\" value=\"Probl\u00e8me \u00e9lectrique\" aria-errormessage=\"wpforms-6410-field_8_1-error\" required><label class=\"wpforms-field-label-inline\" for=\"wpforms-6410-field_8_1\">Probl\u00e8me \u00e9lectrique<\/label><\/li><li class=\"choice-2 depth-1\"><input type=\"checkbox\" id=\"wpforms-6410-field_8_2\" name=\"wpforms[fields][8][]\" value=\"Plomberie\" aria-errormessage=\"wpforms-6410-field_8_2-error\" required><label class=\"wpforms-field-label-inline\" for=\"wpforms-6410-field_8_2\">Plomberie<\/label><\/li><li class=\"choice-3 depth-1\"><input type=\"checkbox\" id=\"wpforms-6410-field_8_3\" name=\"wpforms[fields][8][]\" value=\"Chauffage \/ Climatisation\" aria-errormessage=\"wpforms-6410-field_8_3-error\" required><label class=\"wpforms-field-label-inline\" for=\"wpforms-6410-field_8_3\">Chauffage \/ Climatisation<\/label><\/li><li class=\"choice-8 depth-1\"><input type=\"checkbox\" id=\"wpforms-6410-field_8_8\" name=\"wpforms[fields][8][]\" value=\"Fen\u00eatres \/ Portes\" aria-errormessage=\"wpforms-6410-field_8_8-error\" required><label class=\"wpforms-field-label-inline\" for=\"wpforms-6410-field_8_8\">Fen\u00eatres \/ Portes<\/label><\/li><li class=\"choice-7 depth-1\"><input type=\"checkbox\" id=\"wpforms-6410-field_8_7\" name=\"wpforms[fields][8][]\" value=\"\u00c9lectrom\u00e9nagers\" aria-errormessage=\"wpforms-6410-field_8_7-error\" required><label class=\"wpforms-field-label-inline\" for=\"wpforms-6410-field_8_7\">\u00c9lectrom\u00e9nagers<\/label><\/li><li class=\"choice-6 depth-1\"><input type=\"checkbox\" id=\"wpforms-6410-field_8_6\" name=\"wpforms[fields][8][]\" value=\"Autre (veuillez sp\u00e9cifier dans la boite ci-dessous)\" aria-errormessage=\"wpforms-6410-field_8_6-error\" required><label class=\"wpforms-field-label-inline\" for=\"wpforms-6410-field_8_6\">Autre (veuillez sp\u00e9cifier dans la boite ci-dessous)<\/label><\/li><\/ul><\/fieldset><\/div><div id=\"wpforms-6410-field_9-container\" class=\"wpforms-field wpforms-field-textarea\" data-field-id=\"9\"><label class=\"wpforms-field-label\" for=\"wpforms-6410-field_9\">Autre<\/label><textarea id=\"wpforms-6410-field_9\" class=\"wpforms-field-medium\" name=\"wpforms[fields][9]\" aria-errormessage=\"wpforms-6410-field_9-error\" ><\/textarea><\/div><div id=\"wpforms-6410-field_10-container\" class=\"wpforms-field wpforms-field-text\" data-field-id=\"10\"><label class=\"wpforms-field-label\" for=\"wpforms-6410-field_10\">Description d\u00e9taill\u00e9e du probl\u00e8me <span class=\"wpforms-required-label\" aria-hidden=\"true\">*<\/span><\/label><input type=\"text\" id=\"wpforms-6410-field_10\" class=\"wpforms-field-large wpforms-field-required\" name=\"wpforms[fields][10]\" aria-errormessage=\"wpforms-6410-field_10-error\" aria-describedby=\"wpforms-6410-field_10-description\" required><div id=\"wpforms-6410-field_10-description\" class=\"wpforms-field-description\">D\u00e9crire le probl\u00e8me que vous rencontrez avec le plus de pr\u00e9cision possible.<\/div><\/div><div id=\"wpforms-6410-field_11-container\" class=\"wpforms-field wpforms-field-text\" data-field-id=\"11\"><label class=\"wpforms-field-label\" for=\"wpforms-6410-field_11\">Pi\u00e8ce concern\u00e9e<\/label><input type=\"text\" id=\"wpforms-6410-field_11\" class=\"wpforms-field-large\" name=\"wpforms[fields][11]\" aria-errormessage=\"wpforms-6410-field_11-error\" aria-describedby=\"wpforms-6410-field_11-description\" ><div id=\"wpforms-6410-field_11-description\" class=\"wpforms-field-description\">Indiquez la pi\u00e8ce o\u00f9 le probl\u00e8me se produit (ex. : cuisine, salle de bain, etc.).\r\n<\/div><\/div><div id=\"wpforms-6410-field_12-container\" class=\"wpforms-field wpforms-field-file-upload\" data-field-id=\"12\"><label class=\"wpforms-field-label\" for=\"wpforms-6410-field_12\">Ajout d\u2019images (optionnel)<\/label><div\n\t\tclass=\"wpforms-uploader\"\n\t\tdata-field-id=\"12\"\n\t\tdata-form-id=\"6410\"\n\t\tdata-input-name=\"wpforms_6410_12\"\n\t\tdata-extensions=\"jpg,jpeg,jpe,gif,png,bmp,tiff,tif,webp,avif,ico,heic,heif,heics,heifs,asf,asx,wmv,wmx,wm,avi,divx,mov,qt,mpeg,mpg,mpe,mp4,m4v,ogv,webm,mkv,3gp,3gpp,3g2,3gp2,txt,asc,c,cc,h,srt,csv,tsv,ics,rtx,css,vtt,mp3,m4a,m4b,aac,ra,ram,wav,x-wav,ogg,oga,flac,mid,midi,wma,wax,mka,rtf,pdf,class,tar,zip,gz,gzip,rar,7z,psd,xcf,doc,pot,pps,ppt,wri,xla,xls,xlt,xlw,mpp,docx,docm,dotx,dotm,xlsx,xlsm,xlsb,xltx,xltm,xlam,pptx,pptm,ppsx,ppsm,potx,potm,ppam,sldx,sldm,onetoc,onetoc2,onepkg,oxps,xps,odt,odp,ods,odg,odc,odb,odf,wp,wpd,key,numbers,pages,svg\"\n\t\tdata-max-size=\"1073741824\"\n\t\tdata-max-file-number=\"10\"\n\t\tdata-post-max-size=\"1073741824\"\n\t\tdata-max-parallel-uploads=\"4\"\n\t\tdata-parallel-uploads=\"true\"\n\t\tdata-file-chunk-size=\"2097152\">\n\t<div class=\"dz-message\">\n\t\t<svg viewbox=\"0 0 1024 1024\" focusable=\"false\" data-icon=\"inbox\" width=\"50px\" height=\"50px\" fill=\"currentColor\" aria-hidden=\"true\">\n\t\t\t<path d=\"M885.2 446.3l-.2-.8-112.2-285.1c-5-16.1-19.9-27.2-36.8-27.2H281.2c-17 0-32.1 11.3-36.9 27.6L139.4 443l-.3.7-.2.8c-1.3 4.9-1.7 9.9-1 14.8-.1 1.6-.2 3.2-.2 4.8V830a60.9 60.9 0 0 0 60.8 60.8h627.2c33.5 0 60.8-27.3 60.9-60.8V464.1c0-1.3 0-2.6-.1-3.7.4-4.9 0-9.6-1.3-14.1zm-295.8-43l-.3 15.7c-.8 44.9-31.8 75.1-77.1 75.1-22.1 0-41.1-7.1-54.8-20.6S436 441.2 435.6 419l-.3-15.7H229.5L309 210h399.2l81.7 193.3H589.4zm-375 76.8h157.3c24.3 57.1 76 90.8 140.4 90.8 33.7 0 65-9.4 90.3-27.2 22.2-15.6 39.5-37.4 50.7-63.6h156.5V814H214.4V480.1z\"><\/path>\n\t\t<\/svg>\n\t\t<span class=\"modern-title\">Click or drag files to this area to upload.<\/span>\n\n\t\t\t\t\t<span class=\"modern-hint\">You can upload up to 10 files.<\/span>\n\t\t\t<\/div>\n<\/div>\n<input\n\t\ttype=\"text\"\n\t\tautocomplete=\"off\"\n\t\tclass=\"dropzone-input\"\n\t\tstyle=\"position:absolute!important;clip:rect(0,0,0,0)!important;height:1px!important;width:1px!important;border:0!important;overflow:hidden!important;padding:0!important;margin:0!important;\"\n\t\tid=\"wpforms-6410-field_12\"\n\t\tname=\"wpforms_6410_12\" \t\tvalue=\"\">\n<div id=\"wpforms-6410-field_12-description\" class=\"wpforms-field-description\">T\u00e9l\u00e9charger des photos du probl\u00e8me rencontr\u00e9 (cela peut nous aider \u00e0 mieux comprendre la situation).\r\n<\/div><\/div><div id=\"wpforms-6410-field_16-container\" class=\"wpforms-field wpforms-field-date-time\" data-field-id=\"16\"><fieldset><legend class=\"wpforms-field-label\">Disponibilit\u00e9s pour une intervention <span class=\"wpforms-required-label\" aria-hidden=\"true\">*<\/span><\/legend><div class=\"wpforms-field-row wpforms-field-large\"><div class=\"wpforms-field-row-block wpforms-date-type-datepicker\"><div class=\"wpforms-datepicker-wrap\"><input type=\"text\" id=\"wpforms-6410-field_16\" class=\"wpforms-field-date-time-date wpforms-datepicker wpforms-field-required\" data-date-format=\"d\/m\/Y\" data-disable-past-dates=\"0\" data-input=\"true\" name=\"wpforms[fields][16][date]\" aria-errormessage=\"wpforms-6410-field_16-error\" aria-describedby=\"wpforms-6410-field_16-description\" required><a title=\"Clear Date\" data-clear class=\"wpforms-datepicker-clear\" style=\"display:none;\"><\/a><\/div><label for=\"wpforms-6410-field_16\" class=\"wpforms-field-sublabel after\">Date<\/label><\/div><div class=\"wpforms-field-row-block\"><input type=\"text\" id=\"wpforms-6410-field_16-time\" class=\"wpforms-field-date-time-time wpforms-timepicker wpforms-field-required\" data-time-format=\"H:i\" data-step=\"30\" data-rule-time24h=\"true\" name=\"wpforms[fields][16][time]\" aria-errormessage=\"wpforms-6410-field_16-time-error\" aria-describedby=\"wpforms-6410-field_16-description\" required><label for=\"wpforms-6410-field_16-time\" class=\"wpforms-field-sublabel after\">Time<\/label><\/div><\/div><div id=\"wpforms-6410-field_16-description\" class=\"wpforms-field-description\">Indiquez les cr\u00e9neaux horaires o\u00f9 vous seriez disponible pour accueillir notre \u00e9quipe de maintenance.<\/div><\/fieldset><\/div><div id=\"wpforms-6410-field_14-container\" class=\"wpforms-field wpforms-field-content\" data-field-id=\"14\"><div id=\"wpforms-6410-field_14\" class=\"wpforms-field-medium wpforms-field-row\" name=\"wpforms[fields][14]\" aria-errormessage=\"wpforms-6410-field_14-error\"><h4><strong>Contact d'urgence :<\/strong><\/h4>\n<p>Si vous rencontrez un probl\u00e8me urgent n\u00e9cessitant une intervention imm\u00e9diate (ex. : fuite d'eau importante, probl\u00e8me de chauffage en hiver), veuillez nous contacter directement au num\u00e9ro suivant : <strong>(514) 400-0873<\/strong>.<\/p>\n<p>Nous vous remercions de votre collaboration pour nous aider \u00e0 maintenir vos logements en excellent \u00e9tat !<\/p>\n<div class=\"wpforms-field-content-display-frontend-clear\"><\/div><\/div><\/div><\/div><!-- .wpforms-field-container --><div class=\"wpforms-submit-container\" ><input type=\"hidden\" name=\"wpforms[id]\" value=\"6410\"><input type=\"hidden\" name=\"wpforms[author]\" value=\"1\"><button type=\"submit\" name=\"wpforms[submit]\" id=\"wpforms-submit-6410\" class=\"wpforms-submit\" data-alt-text=\"En cours d&#039;envoi...\" data-submit-text=\"Envoyer\" aria-live=\"assertive\" value=\"wpforms-submit\">Envoyer<\/button><img decoding=\"async\" src=\"https:\/\/www.belappart.ca\/wp-content\/plugins\/wpforms\/assets\/images\/submit-spin.svg\" class=\"wpforms-submit-spinner\" style=\"display: none;\" width=\"26\" height=\"26\" alt=\"Chargement en cours\"><\/div><input type=\"hidden\" id=\"ct_checkjs_wpforms_92977ae4d2ba21425a59afb269c2a14e\" name=\"ct_checkjs_wpforms\" value=\"0\" \/><script>setTimeout(function(){var ct_input_name = \"ct_checkjs_wpforms_92977ae4d2ba21425a59afb269c2a14e\";if (document.getElementById(ct_input_name) !== null) {var ct_input_value = document.getElementById(ct_input_name).value;document.getElementById(ct_input_name).value = document.getElementById(ct_input_name).value.replace(ct_input_value, '1461105780');}}, 1000);<\/script><label class=\"apbct_special_field\" id=\"apbct_label_id85116\" for=\"apbct__email_id__wp_wpforms_85116\">85116<\/label><input \n        id=\"apbct__email_id__wp_wpforms_85116\" \n        class=\"apbct_special_field apbct__email_id__wp_wpforms\"\n        autocomplete=\"off\" \n        name=\"apbct__email_id__wp_wpforms_85116\"  \n        type=\"text\" \n        value=\"85116\" \n        size=\"30\" \n        apbct_event_id=\"85116\"\n        maxlength=\"200\" \n    \/><input \n        id=\"apbct_event_id_wp_wpforms_85116\"\n        class=\"apbct_special_field\"\n        name=\"apbct_event_id\"\n        type=\"hidden\" \n        value=\"85116\" \n            \/><label class=\"apbct_special_field\" id=\"apbct_label_id47491\" for=\"apbct__email_id__elementor_form_47491\">47491<\/label><input \n        id=\"apbct__email_id__elementor_form_47491\" \n        class=\"apbct_special_field apbct__email_id__elementor_form\"\n        autocomplete=\"off\" \n        name=\"apbct__email_id__elementor_form_47491\"  \n        type=\"text\" \n        value=\"47491\" \n        size=\"30\" \n        apbct_event_id=\"47491\"\n        maxlength=\"200\" \n    \/><input \n        id=\"apbct_event_id_elementor_form_47491\"\n        class=\"apbct_special_field\"\n        name=\"apbct_event_id\"\n        type=\"hidden\" \n        value=\"47491\" \n            \/><input type=\"hidden\" name=\"trp-form-language\" value=\"fr\"\/><\/form><\/div>  <!-- .wpforms-container -->\t\t<\/div>\n\t\t\t\t<\/div>\n\t\t\t\t\t<\/div>\n\t\t<\/div>\n\t\t\t\t\t<\/div>\n\t\t<\/section>\n\t\t\t\t<\/div>","protected":false},"excerpt":{"rendered":"<p>Please enable JavaScript in your browser to complete this form.Please enable JavaScript in your browser to complete this form. Chez Bel Appart, nous nous engageons \u00e0 offrir un environnement s\u00e9curitaire et confortable \u00e0 tous nos locataires. Si vous rencontrez un probl\u00e8me ou avez besoin d&rsquo;une r\u00e9paration dans votre logement, veuillez nous en informer d\u00e8s que [&hellip;]<\/p>","protected":false},"author":1,"featured_media":0,"parent":0,"menu_order":0,"comment_status":"closed","ping_status":"closed","template":"elementor_header_footer","meta":{"footnotes":""},"class_list":["post-6351","page","type-page","status-publish","hentry"],"_links":{"self":[{"href":"https:\/\/www.belappart.ca\/fr\/wp-json\/wp\/v2\/pages\/6351","targetHints":{"allow":["GET"]}}],"collection":[{"href":"https:\/\/www.belappart.ca\/fr\/wp-json\/wp\/v2\/pages"}],"about":[{"href":"https:\/\/www.belappart.ca\/fr\/wp-json\/wp\/v2\/types\/page"}],"author":[{"embeddable":true,"href":"https:\/\/www.belappart.ca\/fr\/wp-json\/wp\/v2\/users\/1"}],"replies":[{"embeddable":true,"href":"https:\/\/www.belappart.ca\/fr\/wp-json\/wp\/v2\/comments?post=6351"}],"version-history":[{"count":6,"href":"https:\/\/www.belappart.ca\/fr\/wp-json\/wp\/v2\/pages\/6351\/revisions"}],"predecessor-version":[{"id":6419,"href":"https:\/\/www.belappart.ca\/fr\/wp-json\/wp\/v2\/pages\/6351\/revisions\/6419"}],"wp:attachment":[{"href":"https:\/\/www.belappart.ca\/fr\/wp-json\/wp\/v2\/media?parent=6351"}],"curies":[{"name":"wp","href":"https:\/\/api.w.org\/{rel}","templated":true}]}}