{"id":177,"date":"2016-12-02T02:27:28","date_gmt":"2016-12-02T02:27:28","guid":{"rendered":"https:\/\/beyot.g5plus.net\/elementor\/main\/?page_id=177"},"modified":"2024-09-06T14:16:21","modified_gmt":"2024-09-06T18:16:21","slug":"nous-contacter","status":"publish","type":"page","link":"https:\/\/www.belappart.ca\/fr\/nous-contacter\/","title":{"rendered":"Nous contacter"},"content":{"rendered":"<div data-elementor-type=\"wp-page\" data-elementor-id=\"177\" class=\"elementor elementor-177\" data-elementor-post-type=\"page\">\n\t\t\t\t\t\t<section class=\"elementor-section elementor-top-section elementor-element elementor-element-6243cd5bb6255 elementor-section-boxed elementor-section-height-default elementor-section-height-default\" data-id=\"6243cd5bb6255\" data-element_type=\"section\">\n\t\t\t\t\t\t<div class=\"elementor-container elementor-column-gap-default\">\n\t\t\t\t\t<div class=\"elementor-column elementor-col-50 elementor-top-column elementor-element elementor-element-bc88ad3\" data-id=\"bc88ad3\" data-element_type=\"column\">\n\t\t\t<div class=\"elementor-widget-wrap elementor-element-populated\">\n\t\t\t\t\t\t<div class=\"elementor-element elementor-element-50a70c8 elementor-widget elementor-widget-ube-heading\" data-id=\"50a70c8\" data-element_type=\"widget\" data-widget_type=\"ube-heading.default\">\n\t\t\t\t<div class=\"elementor-widget-container\">\n\t\t\t<div class=\"ube-heading\">\n\t<h2 class=\"ube-heading-title\">Information de contact<\/h2><\/div>\t\t<\/div>\n\t\t\t\t<\/div>\n\t\t\t\t<div class=\"elementor-element elementor-element-3ea4e9b elementor-view-stacked ube-position-left elementor-grid-1 elementor-shape-circle elementor-widget elementor-widget-ube-advanced-icon-box\" data-id=\"3ea4e9b\" data-element_type=\"widget\" data-widget_type=\"ube-advanced-icon-box.default\">\n\t\t\t\t<div class=\"elementor-widget-container\">\n\t\t\t\t\t<div class=\"elementor-grid ube-advanced-icon-box\">\n\t\t\t\t\t\t\t\t\t\t\t<div class=\"elementor-grid-item elementor-repeater-item-6b0d99d\">\n\t\t\t\t<div class=\"ube-icon-box-wrapper\">\n\t<div class=\"ube-icon-box\">\n\t\t\t\t\t<div class=\"ube-ib-icon\">\n\t\t\t\t<span class=\"elementor-icon\"><i aria-hidden=\"true\" class=\"icon icon-location22\"><\/i><\/span>\t\t\t<\/div>\n\t\t\t\t\t\t\t<div class=\"ube-ib-content\">\n\t\t\t\t<h3 class=\"ube-ib-title mb-0\"><span >Si\u00e8ge social<\/span><\/h3>\t\t\t\t\t\t\t\t\t<div class=\"ube-ib-desc mb-0\">1915 Boulevard Le Corbusier #13<br>\nLaval (QC) H7S 1Z4<\/div>\n\t\t\t\t\t\t\t<\/div>\n\t\t\t<\/div>\n\t<\/div>\n\n\t\t\t<\/div>\n\t\t\t\t\t\t\t\t<div class=\"elementor-grid-item elementor-repeater-item-b957f0e\">\n\t\t\t\t<div class=\"ube-icon-box-wrapper\">\n\t<div class=\"ube-icon-box\">\n\t\t\t\t\t<div class=\"ube-ib-icon\">\n\t\t\t\t<a class=\"elementor-icon\" href=\"tel: 15144000873\"><i aria-hidden=\"true\" class=\"fas fa-phone\"><\/i><\/a>\t\t\t<\/div>\n\t\t\t\t\t\t\t<div class=\"ube-ib-content\">\n\t\t\t\t<h3 class=\"ube-ib-title mb-0\"><a href=\"tel: 15144000873\">T\u00e9l\u00e9phone<\/a><\/h3>\t\t\t\t\t\t\t\t\t<div class=\"ube-ib-desc mb-0\">(514) 400-0873<\/div>\n\t\t\t\t\t\t\t<\/div>\n\t\t\t<\/div>\n\t<\/div>\n\n\t\t\t<\/div>\n\t\t\t\t\t\t\t\t<div class=\"elementor-grid-item elementor-repeater-item-da81d76\">\n\t\t\t\t<div class=\"ube-icon-box-wrapper\">\n\t<div class=\"ube-icon-box\">\n\t\t\t\t\t<div class=\"ube-ib-icon\">\n\t\t\t\t<a class=\"elementor-icon\" href=\"mailto:Ge**************@gm***.com\" data-original-string=\"KuvvFgKVUmpUBjFzuejhsA==93fUYvRqQoa7hH7lPvkIBkrkSSI+Y6wgIKAWLxIpRr+j0w=\" title=\"This contact has been encoded by Anti-Spam by CleanTalk. Click to decode. To finish the decoding make sure that JavaScript is enabled in your browser.\"><i aria-hidden=\"true\" class=\"icon icon-mail-envelope-open2\"><\/i><\/a>\t\t\t<\/div>\n\t\t\t\t\t\t\t<div class=\"ube-ib-content\">\n\t\t\t\t<h3 class=\"ube-ib-title mb-0\"><a href=\"mailto:Ge**************@gm***.com\" data-original-string=\"t1qAnQh10t9zPrWUFCWbeg==93fstO7RMSKWhmsTcrN4zB1YicXFkhx6QfjEe++1kx2cUY=\" title=\"This contact has been encoded by Anti-Spam by CleanTalk. Click to decode. To finish the decoding make sure that JavaScript is enabled in your browser.\">Adresse Courriel<\/a><\/h3>\t\t\t\t\t\t\t\t\t<div class=\"ube-ib-desc mb-0\"><span \n                data-original-string=\"byL6jc8DiEYdvQRBfdb\/UQ==93fCCdskdfh4bvMyrbmjIJkqFGpdtCvNR057ORPL\/yJE4I=\"\n                class=\"apbct-email-encoder\"\n                title=\"This contact has been encoded by Anti-Spam by CleanTalk. Click to decode. To finish the decoding make sure that JavaScript is enabled in your browser.\">\n        <span class=\"apbct-ee-blur-group\">\n            <span class=\"apbct-ee-blur_email-text\">Ge**************@gm***.com<\/span>\n            <span class=\"apbct-ee-static-blur\">\n                <span class=\"apbct-ee-blur apbct-ee-blur_rectangle-init\"><\/span>\n                <span class=\"apbct-ee-blur apbct-ee-blur_rectangle-soft\"><\/span>\n                <span class=\"apbct-ee-blur apbct-ee-blur_rectangle-hard\"><\/span>\n            <\/span>\n            <span class=\"apbct-ee-animate-blur\">\n                <span class=\"apbct-ee-blur apbct-ee-blur_rectangle-init apbct-ee-blur_animate-init\"><\/span>\n                <span class=\"apbct-ee-blur apbct-ee-blur_rectangle-soft apbct-ee-blur_animate-soft\"><\/span>\n                <span class=\"apbct-ee-blur apbct-ee-blur_rectangle-hard apbct-ee-blur_animate-hard\"><\/span>\n            <\/span>\n        <\/span>\n<\/span><\/div>\n\t\t\t\t\t\t\t<\/div>\n\t\t\t<\/div>\n\t<\/div>\n\n\t\t\t<\/div>\n\t\t\t\t\t\t<\/div>\n\t\t\t\t<\/div>\n\t\t\t\t<\/div>\n\t\t\t\t<div class=\"elementor-element elementor-element-27ad2e1 elementor-widget elementor-widget-text-editor\" data-id=\"27ad2e1\" data-element_type=\"widget\" data-widget_type=\"text-editor.default\">\n\t\t\t\t<div class=\"elementor-widget-container\">\n\t\t\t<style>\/*! elementor - v3.23.0 - 05-08-2024 *\/\n.elementor-widget-text-editor.elementor-drop-cap-view-stacked .elementor-drop-cap{background-color:#69727d;color:#fff}.elementor-widget-text-editor.elementor-drop-cap-view-framed .elementor-drop-cap{color:#69727d;border:3px solid;background-color:transparent}.elementor-widget-text-editor:not(.elementor-drop-cap-view-default) .elementor-drop-cap{margin-top:8px}.elementor-widget-text-editor:not(.elementor-drop-cap-view-default) .elementor-drop-cap-letter{width:1em;height:1em}.elementor-widget-text-editor .elementor-drop-cap{float:left;text-align:center;line-height:1;font-size:50px}.elementor-widget-text-editor .elementor-drop-cap-letter{display:inline-block}<\/style>\t\t\t\t<iframe style=\"border: 0;\" src=\"https:\/\/www.google.com\/maps\/embed?pb=!1m18!1m12!1m3!1d2603.9392442612807!2d-73.73959072372026!3d45.569389871075806!2m3!1f0!2f0!3f0!3m2!1i1024!2i768!4f13.1!3m3!1m2!1s0x4cc923d1d5fcaa95%3A0xe16cbabb09e70474!2s1915%20Boul.%20le%20Corbusier%20%2313%2C%20Laval%2C%20QC%20H7S%201Z4!5e1!3m2!1sen!2sca!4v1725546038731!5m2!1sen!2sca\" width=\"500\" height=\"350\" allowfullscreen=\"allowfullscreen\"><\/iframe>\t\t\t\t\t\t<\/div>\n\t\t\t\t<\/div>\n\t\t\t\t\t<\/div>\n\t\t<\/div>\n\t\t\t\t<div class=\"elementor-column elementor-col-50 elementor-top-column elementor-element elementor-element-7012d9e\" data-id=\"7012d9e\" data-element_type=\"column\">\n\t\t\t<div class=\"elementor-widget-wrap elementor-element-populated\">\n\t\t\t\t\t\t<div class=\"elementor-element elementor-element-d86f14f elementor-widget elementor-widget-ube-heading\" data-id=\"d86f14f\" data-element_type=\"widget\" data-widget_type=\"ube-heading.default\">\n\t\t\t\t<div class=\"elementor-widget-container\">\n\t\t\t<div class=\"ube-heading ube-heading-divider-after\">\n\t<h2 class=\"ube-heading-title\">Nous \u00e9crire<\/h2><div class=\"ube-heading-divider\"><\/div><\/div>\t\t<\/div>\n\t\t\t\t<\/div>\n\t\t\t\t<div class=\"elementor-element elementor-element-60e5464 elementor-widget elementor-widget-wpforms\" data-id=\"60e5464\" data-element_type=\"widget\" data-widget_type=\"wpforms.default\">\n\t\t\t\t<div class=\"elementor-widget-container\">\n\t\t\t<style id=\"wpforms-css-vars-root\">\n\t\t\t\t:root {\n\t\t\t\t\t--wpforms-field-border-radius: 3px;\n--wpforms-field-background-color: #ffffff;\n--wpforms-field-border-color: rgba( 0, 0, 0, 0.25 );\n--wpforms-field-text-color: rgba( 0, 0, 0, 0.7 );\n--wpforms-label-color: rgba( 0, 0, 0, 0.85 );\n--wpforms-label-sublabel-color: rgba( 0, 0, 0, 0.55 );\n--wpforms-label-error-color: #d63637;\n--wpforms-button-border-radius: 3px;\n--wpforms-button-background-color: #066aab;\n--wpforms-button-text-color: #ffffff;\n--wpforms-field-size-input-height: 43px;\n--wpforms-field-size-input-spacing: 15px;\n--wpforms-field-size-font-size: 16px;\n--wpforms-field-size-line-height: 19px;\n--wpforms-field-size-padding-h: 14px;\n--wpforms-field-size-checkbox-size: 16px;\n--wpforms-field-size-sublabel-spacing: 5px;\n--wpforms-field-size-icon-size: 1;\n--wpforms-label-size-font-size: 16px;\n--wpforms-label-size-line-height: 19px;\n--wpforms-label-size-sublabel-font-size: 14px;\n--wpforms-label-size-sublabel-line-height: 17px;\n--wpforms-button-size-font-size: 17px;\n--wpforms-button-size-height: 41px;\n--wpforms-button-size-padding-h: 15px;\n--wpforms-button-size-margin-top: 10px;\n\n\t\t\t\t}\n\t\t\t<\/style><style id=\"wpforms-css-vars-elementor-widget-60e5464\">\n\t\t\t\t.elementor-widget-wpforms.elementor-element-60e5464 {\n\t\t\t\t\t--wpforms-field-size-input-height: 43px;\n--wpforms-field-size-input-spacing: 15px;\n--wpforms-field-size-font-size: 16px;\n--wpforms-field-size-line-height: 19px;\n--wpforms-field-size-padding-h: 14px;\n--wpforms-field-size-checkbox-size: 16px;\n--wpforms-field-size-sublabel-spacing: 5px;\n--wpforms-field-size-icon-size: 1;\n--wpforms-label-size-font-size: 16px;\n--wpforms-label-size-line-height: 19px;\n--wpforms-label-size-sublabel-font-size: 14px;\n--wpforms-label-size-sublabel-line-height: 17px;\n--wpforms-button-size-font-size: 17px;\n--wpforms-button-size-height: 41px;\n--wpforms-button-size-padding-h: 15px;\n--wpforms-button-size-margin-top: 10px;\n\n\t\t\t\t}\n\t\t\t<\/style><div class=\"wpforms-container wpforms-container-full wpforms-render-modern\" id=\"wpforms-6381\"><form id=\"wpforms-form-6381\" class=\"wpforms-validate wpforms-form wpforms-ajax-form\" data-formid=\"6381\" method=\"post\" enctype=\"multipart\/form-data\" action=\"\/fr\/wp-json\/wp\/v2\/pages\/177\" data-token=\"1eef69914ef1b0e03bd63fa5e96baf36\" data-trp-original-action=\"\/fr\/wp-json\/wp\/v2\/pages\/177\"><noscript class=\"wpforms-error-noscript\">Veuillez activer JavaScript dans votre navigateur pour remplir ce formulaire.<\/noscript><div class=\"wpforms-hidden\" id=\"wpforms-error-noscript\">Veuillez activer JavaScript dans votre navigateur pour remplir ce formulaire.<\/div><div class=\"wpforms-field-container\"><div id=\"wpforms-6381-field_3-container\" class=\"wpforms-field wpforms-field-text\" data-field-id=\"3\"><label class=\"wpforms-field-label\" for=\"wpforms-6381-field_3\">Pr\u00e9nom et nom de famille <span class=\"wpforms-required-label\" aria-hidden=\"true\">*<\/span><\/label><input type=\"text\" id=\"wpforms-6381-field_3\" class=\"wpforms-field-large wpforms-field-required\" name=\"wpforms[fields][3]\" aria-errormessage=\"wpforms-6381-field_3-error\" required><\/div><div id=\"wpforms-6381-field_1-container\" class=\"wpforms-field wpforms-field-email\" data-field-id=\"1\"><label class=\"wpforms-field-label\" for=\"wpforms-6381-field_1\">Email <span class=\"wpforms-required-label\" aria-hidden=\"true\">*<\/span><\/label><input type=\"email\" id=\"wpforms-6381-field_1\" class=\"wpforms-field-large wpforms-field-required\" name=\"wpforms[fields][1]\" spellcheck=\"false\" aria-errormessage=\"wpforms-6381-field_1-error\" required><\/div><div id=\"wpforms-6381-field_4-container\" class=\"wpforms-field wpforms-field-phone\" data-field-id=\"4\"><label class=\"wpforms-field-label\" for=\"wpforms-6381-field_4\">T\u00e9l\u00e9phone<\/label><input type=\"tel\" id=\"wpforms-6381-field_4\" class=\"wpforms-field-large\" data-rule-int-phone-field=\"true\" name=\"wpforms[fields][4]\" aria-errormessage=\"wpforms-6381-field_4-error\" ><\/div><div id=\"wpforms-6381-field_2-container\" class=\"wpforms-field wpforms-field-textarea\" data-field-id=\"2\"><label class=\"wpforms-field-label\" for=\"wpforms-6381-field_2\">Commentaire ou message<\/label><textarea id=\"wpforms-6381-field_2\" class=\"wpforms-field-large\" name=\"wpforms[fields][2]\" aria-errormessage=\"wpforms-6381-field_2-error\" ><\/textarea><\/div><\/div><!-- .wpforms-field-container --><div class=\"wpforms-submit-container\" ><input type=\"hidden\" name=\"wpforms[id]\" value=\"6381\"><input type=\"hidden\" name=\"wpforms[author]\" value=\"1\"><button type=\"submit\" name=\"wpforms[submit]\" id=\"wpforms-submit-6381\" class=\"wpforms-submit\" data-alt-text=\"En cours d&#039;envoi...\" data-submit-text=\"Envoyer\" aria-live=\"assertive\" value=\"wpforms-submit\">Envoyer<\/button><img decoding=\"async\" src=\"https:\/\/www.belappart.ca\/wp-content\/plugins\/wpforms\/assets\/images\/submit-spin.svg\" class=\"wpforms-submit-spinner\" style=\"display: none;\" width=\"26\" height=\"26\" alt=\"Chargement en cours\"><\/div><input type=\"hidden\" id=\"ct_checkjs_wpforms_b3967a0e938dc2a6340e258630febd5a\" name=\"ct_checkjs_wpforms\" value=\"0\" \/><script>setTimeout(function(){var ct_input_name = \"ct_checkjs_wpforms_b3967a0e938dc2a6340e258630febd5a\";if (document.getElementById(ct_input_name) !== null) {var ct_input_value = document.getElementById(ct_input_name).value;document.getElementById(ct_input_name).value = document.getElementById(ct_input_name).value.replace(ct_input_value, '1461105780');}}, 1000);<\/script><label class=\"apbct_special_field\" id=\"apbct_label_id42520\" for=\"apbct__email_id__wp_wpforms_42520\">42520<\/label><input \n        id=\"apbct__email_id__wp_wpforms_42520\" \n        class=\"apbct_special_field apbct__email_id__wp_wpforms\"\n        autocomplete=\"off\" \n        name=\"apbct__email_id__wp_wpforms_42520\"  \n        type=\"text\" \n        value=\"42520\" \n        size=\"30\" \n        apbct_event_id=\"42520\"\n        maxlength=\"200\" \n    \/><input \n        id=\"apbct_event_id_wp_wpforms_42520\"\n        class=\"apbct_special_field\"\n        name=\"apbct_event_id\"\n        type=\"hidden\" \n        value=\"42520\" \n            \/><label class=\"apbct_special_field\" id=\"apbct_label_id47854\" for=\"apbct__email_id__elementor_form_47854\">47854<\/label><input \n        id=\"apbct__email_id__elementor_form_47854\" \n        class=\"apbct_special_field apbct__email_id__elementor_form\"\n        autocomplete=\"off\" \n        name=\"apbct__email_id__elementor_form_47854\"  \n        type=\"text\" \n        value=\"47854\" \n        size=\"30\" \n        apbct_event_id=\"47854\"\n        maxlength=\"200\" \n    \/><input \n        id=\"apbct_event_id_elementor_form_47854\"\n        class=\"apbct_special_field\"\n        name=\"apbct_event_id\"\n        type=\"hidden\" \n        value=\"47854\" \n            \/><input type=\"hidden\" name=\"trp-form-language\" value=\"fr\"\/><\/form><\/div>  <!-- .wpforms-container -->\t\t<\/div>\n\t\t\t\t<\/div>\n\t\t\t\t\t<\/div>\n\t\t<\/div>\n\t\t\t\t\t<\/div>\n\t\t<\/section>\n\t\t\t\t<\/div>","protected":false},"excerpt":{"rendered":"<p>Information de contact Si\u00e8ge social 1915 Boulevard Le Corbusier #13 Laval (QC) H7S 1Z4 T\u00e9l\u00e9phone (514) 400-0873 Adresse Courriel Ge**************@gm***.com Nous \u00e9crire Please enable JavaScript in your browser to complete this form.Please enable JavaScript in your browser to complete this form.Pr\u00e9nom et nom de famille *Email *T\u00e9l\u00e9phoneCommentaire ou message Envoyer<\/p>","protected":false},"author":1,"featured_media":0,"parent":0,"menu_order":0,"comment_status":"closed","ping_status":"closed","template":"elementor_header_footer","meta":{"footnotes":""},"class_list":["post-177","page","type-page","status-publish","hentry"],"_links":{"self":[{"href":"https:\/\/www.belappart.ca\/fr\/wp-json\/wp\/v2\/pages\/177","targetHints":{"allow":["GET"]}}],"collection":[{"href":"https:\/\/www.belappart.ca\/fr\/wp-json\/wp\/v2\/pages"}],"about":[{"href":"https:\/\/www.belappart.ca\/fr\/wp-json\/wp\/v2\/types\/page"}],"author":[{"embeddable":true,"href":"https:\/\/www.belappart.ca\/fr\/wp-json\/wp\/v2\/users\/1"}],"replies":[{"embeddable":true,"href":"https:\/\/www.belappart.ca\/fr\/wp-json\/wp\/v2\/comments?post=177"}],"version-history":[{"count":19,"href":"https:\/\/www.belappart.ca\/fr\/wp-json\/wp\/v2\/pages\/177\/revisions"}],"predecessor-version":[{"id":6599,"href":"https:\/\/www.belappart.ca\/fr\/wp-json\/wp\/v2\/pages\/177\/revisions\/6599"}],"wp:attachment":[{"href":"https:\/\/www.belappart.ca\/fr\/wp-json\/wp\/v2\/media?parent=177"}],"curies":[{"name":"wp","href":"https:\/\/api.w.org\/{rel}","templated":true}]}}