{"id":1002,"date":"2017-02-10T07:56:25","date_gmt":"2017-02-10T07:56:25","guid":{"rendered":"https:\/\/beyot.g5plus.net\/elementor\/main\/?page_id=1002"},"modified":"2024-11-08T09:45:42","modified_gmt":"2024-11-08T14:45:42","slug":"a-propos","status":"publish","type":"page","link":"https:\/\/www.belappart.ca\/fr\/a-propos\/","title":{"rendered":"\u00c0 propos"},"content":{"rendered":"<div data-elementor-type=\"wp-page\" data-elementor-id=\"1002\" class=\"elementor elementor-1002\" data-elementor-post-type=\"page\">\n\t\t\t\t\t\t<section class=\"elementor-section elementor-top-section elementor-element elementor-element-6243cbb4c562f elementor-section-boxed elementor-section-height-default elementor-section-height-default\" data-id=\"6243cbb4c562f\" data-element_type=\"section\">\n\t\t\t\t\t\t<div class=\"elementor-container elementor-column-gap-default\">\n\t\t\t\t\t<div class=\"elementor-column elementor-col-50 elementor-top-column elementor-element elementor-element-f7911ad\" data-id=\"f7911ad\" data-element_type=\"column\">\n\t\t\t<div class=\"elementor-widget-wrap elementor-element-populated\">\n\t\t\t\t\t\t<div class=\"elementor-element elementor-element-315cb6b elementor-widget elementor-widget-ube-heading\" data-id=\"315cb6b\" data-element_type=\"widget\" data-widget_type=\"ube-heading.default\">\n\t\t\t\t<div class=\"elementor-widget-container\">\n\t\t\t<div class=\"ube-heading\">\n\t<h2 class=\"ube-heading-title\">Qui sommes-nous?<br>\n<\/h2><div class=\"ube-heading-description\"><p>Fond\u00e9e en 2017, Bel Appart s'est rapidement impos\u00e9e comme un acteur de confiance dans le domaine de l'immobilier \u00e0 Montr\u00e9al, Laval et la Rive-Nord.<\/p><\/div><\/div>\t\t<\/div>\n\t\t\t\t<\/div>\n\t\t\t\t<div class=\"elementor-element elementor-element-c7fc914 elementor-widget elementor-widget-ube-heading\" data-id=\"c7fc914\" data-element_type=\"widget\" data-widget_type=\"ube-heading.default\">\n\t\t\t\t<div class=\"elementor-widget-container\">\n\t\t\t<div class=\"ube-heading\">\n\t<div class=\"ube-heading-description\"><p>Sp\u00e9cialis\u00e9e \u00e0 la fois dans l'investissement immobilier, la gestion locative et la gestion de syndicats de copropri\u00e9t\u00e9, notre entreprise a pour mission d'offrir des logements de qualit\u00e9 \u00e0 nos locataires tout en maximisant la valeur de nos investissements et en r\u00e9pondant aux besoins des copropri\u00e9t\u00e9s.<br \/><br \/><\/p><p>Avec une centaine de logements locatifs sous notre gestion, ainsi qu\u2019un portefeuille de syndicats de copropri\u00e9t\u00e9, nous nous engageons \u00e0 fournir un service exemplaire pour les propri\u00e9taires, les locataires et les copropri\u00e9taires. Notre \u00e9quipe d\u00e9di\u00e9e met \u00e0 profit son expertise du march\u00e9 local pour s\u00e9lectionner, g\u00e9rer et entretenir chaque propri\u00e9t\u00e9 avec soin, assurant ainsi la satisfaction de nos clients.<br \/><br \/><\/p><p>Chez Bel Appart, nous croyons en une approche personnalis\u00e9e et en des solutions adapt\u00e9es aux besoins sp\u00e9cifiques de chacun. Que vous cherchiez un logement confortable, souhaitiez optimiser la gestion de vos biens immobiliers ou ayez besoin d\u2019une gestion professionnelle pour votre syndicat de copropri\u00e9t\u00e9, notre \u00e9quipe est l\u00e0 pour vous accompagner \u00e0 chaque \u00e9tape.<\/p><p>\u00a0<\/p><\/div><\/div>\t\t<\/div>\n\t\t\t\t<\/div>\n\t\t\t\t\t<\/div>\n\t\t<\/div>\n\t\t\t\t<div class=\"elementor-column elementor-col-50 elementor-top-column elementor-element elementor-element-94a55a8\" data-id=\"94a55a8\" data-element_type=\"column\">\n\t\t\t<div class=\"elementor-widget-wrap elementor-element-populated\">\n\t\t\t\t\t\t<div class=\"elementor-element elementor-element-51b666b elementor-widget elementor-widget-image\" data-id=\"51b666b\" data-element_type=\"widget\" data-widget_type=\"image.default\">\n\t\t\t\t<div class=\"elementor-widget-container\">\n\t\t\t<style>\/*! elementor - v3.23.0 - 05-08-2024 *\/\n.elementor-widget-image{text-align:center}.elementor-widget-image a{display:inline-block}.elementor-widget-image a img[src$=\".svg\"]{width:48px}.elementor-widget-image img{vertical-align:middle;display:inline-block}<\/style>\t\t\t\t\t\t\t\t\t\t<img fetchpriority=\"high\" decoding=\"async\" width=\"568\" height=\"667\" src=\"https:\/\/www.belappart.ca\/wp-content\/uploads\/2016\/12\/background-image-04.png\" class=\"attachment-full size-full wp-image-180\" alt=\"\" srcset=\"https:\/\/www.belappart.ca\/wp-content\/uploads\/2016\/12\/background-image-04.png 568w, https:\/\/www.belappart.ca\/wp-content\/uploads\/2016\/12\/background-image-04-255x300.png 255w\" sizes=\"(max-width: 568px) 100vw, 568px\" \/>\t\t\t\t\t\t\t\t\t\t\t\t\t<\/div>\n\t\t\t\t<\/div>\n\t\t\t\t\t<\/div>\n\t\t<\/div>\n\t\t\t\t\t<\/div>\n\t\t<\/section>\n\t\t\t\t<\/div>","protected":false},"excerpt":{"rendered":"<p>Qui sommes-nous? Fond\u00e9e en 2017, Bel Appart s&rsquo;est rapidement impos\u00e9e comme un acteur de confiance dans le domaine de l&rsquo;immobilier \u00e0 Montr\u00e9al, Laval et la Rive-Nord. Sp\u00e9cialis\u00e9e \u00e0 la fois dans l&rsquo;investissement immobilier, la gestion locative et la gestion de syndicats de copropri\u00e9t\u00e9, notre entreprise a pour mission d&rsquo;offrir des logements de qualit\u00e9 \u00e0 nos [&hellip;]<\/p>","protected":false},"author":1,"featured_media":0,"parent":0,"menu_order":0,"comment_status":"closed","ping_status":"closed","template":"elementor_header_footer","meta":{"footnotes":""},"class_list":["post-1002","page","type-page","status-publish","hentry"],"_links":{"self":[{"href":"https:\/\/www.belappart.ca\/fr\/wp-json\/wp\/v2\/pages\/1002","targetHints":{"allow":["GET"]}}],"collection":[{"href":"https:\/\/www.belappart.ca\/fr\/wp-json\/wp\/v2\/pages"}],"about":[{"href":"https:\/\/www.belappart.ca\/fr\/wp-json\/wp\/v2\/types\/page"}],"author":[{"embeddable":true,"href":"https:\/\/www.belappart.ca\/fr\/wp-json\/wp\/v2\/users\/1"}],"replies":[{"embeddable":true,"href":"https:\/\/www.belappart.ca\/fr\/wp-json\/wp\/v2\/comments?post=1002"}],"version-history":[{"count":10,"href":"https:\/\/www.belappart.ca\/fr\/wp-json\/wp\/v2\/pages\/1002\/revisions"}],"predecessor-version":[{"id":6725,"href":"https:\/\/www.belappart.ca\/fr\/wp-json\/wp\/v2\/pages\/1002\/revisions\/6725"}],"wp:attachment":[{"href":"https:\/\/www.belappart.ca\/fr\/wp-json\/wp\/v2\/media?parent=1002"}],"curies":[{"name":"wp","href":"https:\/\/api.w.org\/{rel}","templated":true}]}}